{"id":9029,"date":"2024-06-05T08:11:49","date_gmt":"2024-06-05T08:11:49","guid":{"rendered":"https:\/\/musicaalcastell.com\/?page_id=9029"},"modified":"2025-06-16T09:08:47","modified_gmt":"2025-06-16T09:08:47","slug":"contacte","status":"publish","type":"page","link":"https:\/\/musicaalcastell.com\/ca\/contacte\/","title":{"rendered":"Contacte"},"content":{"rendered":"<p>[et_pb_section fb_built=&#8221;1&#8243; _builder_version=&#8221;4.21.0&#8243; _module_preset=&#8221;default&#8221; background_color=&#8221;#e7e3d8&#8243; background_image=&#8221;https:\/\/musicaalcastell.com\/wp-content\/uploads\/2022\/05\/escala-menu2.png&#8221; background_enable_image=&#8221;off&#8221; background_size=&#8221;initial&#8221; background_position=&#8221;top_left&#8221; width_last_edited=&#8221;off|desktop&#8221; max_width_last_edited=&#8221;off|desktop&#8221; custom_margin=&#8221;||||false|false&#8221; custom_padding=&#8221;0px||0px||false|false&#8221; background_last_edited=&#8221;on|phone&#8221; global_module=&#8221;9096&#8243; saved_tabs=&#8221;all&#8221; global_colors_info=&#8221;{}&#8221;][et_pb_row column_structure=&#8221;1_3,1_3,1_3&#8243; use_custom_gutter=&#8221;on&#8221; gutter_width=&#8221;1&#8243; disabled_on=&#8221;on|off|off&#8221; _builder_version=&#8221;4.17.3&#8243; _module_preset=&#8221;default&#8221; background_enable_color=&#8221;off&#8221; background_enable_image=&#8221;off&#8221; background_size=&#8221;contain&#8221; width=&#8221;100%&#8221; max_width=&#8221;100%&#8221; custom_margin=&#8221;||0px||false|false&#8221; custom_padding=&#8221;0px||0px||false|false&#8221; global_colors_info=&#8221;{}&#8221;][et_pb_column type=&#8221;1_3&#8243; _builder_version=&#8221;4.17.3&#8243; _module_preset=&#8221;default&#8221; global_colors_info=&#8221;{}&#8221;][et_pb_image src=&#8221;http:\/\/musicaalcastell.com\/wp-content\/uploads\/2025\/06\/musica-castell-2025-va.png&#8221; title_text=&#8221;musica-castell-2025-va&#8221; _builder_version=&#8221;4.27.4&#8243; _module_preset=&#8221;default&#8221; global_colors_info=&#8221;{}&#8221;][\/et_pb_image][\/et_pb_column][et_pb_column type=&#8221;1_3&#8243; _builder_version=&#8221;4.17.3&#8243; _module_preset=&#8221;default&#8221; global_colors_info=&#8221;{}&#8221;][et_pb_image src=&#8221;http:\/\/musicaalcastell.com\/wp-content\/uploads\/2024\/04\/musica-castell-2024-Denia.png&#8221; title_text=&#8221;musica-castell-2024-Denia&#8221; _builder_version=&#8221;4.25.0&#8243; _module_preset=&#8221;default&#8221; global_colors_info=&#8221;{}&#8221;][\/et_pb_image][\/et_pb_column][et_pb_column type=&#8221;1_3&#8243; _builder_version=&#8221;4.17.3&#8243; _module_preset=&#8221;default&#8221; background_color=&#8221;#edc228&#8243; global_colors_info=&#8221;{}&#8221;][et_pb_image src=&#8221;http:\/\/musicaalcastell.com\/wp-content\/uploads\/2025\/06\/musica-al-castell-2024-va.png&#8221; title_text=&#8221;musica-al-castell-2024-va&#8221; _builder_version=&#8221;4.27.4&#8243; _module_preset=&#8221;default&#8221; global_colors_info=&#8221;{}&#8221;][\/et_pb_image][\/et_pb_column][\/et_pb_row][et_pb_row use_custom_gutter=&#8221;on&#8221; gutter_width=&#8221;1&#8243; disabled_on=&#8221;off|on|on&#8221; _builder_version=&#8221;4.17.3&#8243; _module_preset=&#8221;default&#8221; background_enable_color=&#8221;off&#8221; background_enable_image=&#8221;off&#8221; background_size=&#8221;contain&#8221; width=&#8221;100%&#8221; max_width=&#8221;100%&#8221; custom_margin=&#8221;||0px||false|false&#8221; custom_padding=&#8221;0px||0px||false|false&#8221; global_colors_info=&#8221;{}&#8221;][et_pb_column type=&#8221;4_4&#8243; _builder_version=&#8221;4.17.3&#8243; _module_preset=&#8221;default&#8221; global_colors_info=&#8221;{}&#8221;][et_pb_image src=&#8221;http:\/\/musicaalcastell.com\/wp-content\/uploads\/2025\/06\/CABECERA-MOVIL_val.jpg&#8221; title_text=&#8221;CABECERA-MOVIL_val&#8221; align=&#8221;center&#8221; _builder_version=&#8221;4.27.4&#8243; _module_preset=&#8221;default&#8221; background_color=&#8221;#e7e3d8&#8243; custom_margin=&#8221;||0px||false|false&#8221; custom_padding=&#8221;||0px||false|false&#8221; global_colors_info=&#8221;{}&#8221;][\/et_pb_image][\/et_pb_column][\/et_pb_row][\/et_pb_section][et_pb_section fb_built=&#8221;1&#8243; _builder_version=&#8221;4.21.0&#8243; background_color=&#8221;#e7e3d8&#8243; custom_padding=&#8221;10px||1px|&#8221; custom_padding_tablet=&#8221;10px||1px|&#8221; transparent_background=&#8221;off&#8221; padding_mobile=&#8221;on&#8221; make_fullwidth=&#8221;off&#8221; use_custom_width=&#8221;off&#8221; width_unit=&#8221;on&#8221; global_colors_info=&#8221;{}&#8221;][et_pb_row padding_mobile=&#8221;on&#8221; column_padding_mobile=&#8221;on&#8221; _builder_version=&#8221;4.17.3&#8243; background_size=&#8221;initial&#8221; background_position=&#8221;top_left&#8221; background_repeat=&#8221;repeat&#8221; custom_margin=&#8221;50px||1px||false|false&#8221; custom_padding=&#8221;10px||1px|&#8221; make_fullwidth=&#8221;off&#8221; use_custom_width=&#8221;off&#8221; width_unit=&#8221;on&#8221; global_colors_info=&#8221;{}&#8221;][et_pb_column type=&#8221;4_4&#8243; _builder_version=&#8221;4.16&#8243; custom_padding=&#8221;10px||1px|&#8221; global_colors_info=&#8221;{}&#8221; custom_padding__hover=&#8221;|||&#8221;][et_pb_image src=&#8221;https:\/\/musicaalcastell.com\/wp-content\/uploads\/2022\/05\/actuacion-2.png&#8221; title_text=&#8221;actuacion (2)&#8221; align_tablet=&#8221;center&#8221; align_phone=&#8221;center&#8221; align_last_edited=&#8221;on|desktop&#8221; _builder_version=&#8221;4.17.3&#8243; custom_margin=&#8221;10px||1px|&#8221; animation_style=&#8221;slide&#8221; animation_direction=&#8221;left&#8221; animation_duration=&#8221;500ms&#8221; animation_intensity_slide=&#8221;10%&#8221; animation=&#8221;left&#8221; sticky=&#8221;off&#8221; use_border_color=&#8221;off&#8221; border_color=&#8221;#ffffff&#8221; border_style=&#8221;solid&#8221; global_colors_info=&#8221;{}&#8221;]<\/p>\n<p>[\/et_pb_image][\/et_pb_column][\/et_pb_row][\/et_pb_section][et_pb_section fb_built=&#8221;1&#8243; _builder_version=&#8221;4.21.0&#8243; background_color=&#8221;#e7e3d8&#8243; custom_padding=&#8221;10px|||&#8221; custom_padding_tablet=&#8221;10px|||&#8221; transparent_background=&#8221;off&#8221; padding_mobile=&#8221;on&#8221; make_fullwidth=&#8221;off&#8221; use_custom_width=&#8221;off&#8221; width_unit=&#8221;on&#8221; global_colors_info=&#8221;{}&#8221;][et_pb_row column_structure=&#8221;2_3,1_3&#8243; padding_mobile=&#8221;on&#8221; column_padding_mobile=&#8221;on&#8221; _builder_version=&#8221;4.16&#8243; background_size=&#8221;initial&#8221; background_position=&#8221;top_left&#8221; background_repeat=&#8221;repeat&#8221; custom_margin=&#8221;10px|||&#8221; custom_padding=&#8221;10px|||&#8221; make_fullwidth=&#8221;off&#8221; use_custom_width=&#8221;off&#8221; width_unit=&#8221;on&#8221; global_colors_info=&#8221;{}&#8221;][et_pb_column type=&#8221;2_3&#8243; _builder_version=&#8221;4.16&#8243; custom_padding=&#8221;10px|||&#8221; global_colors_info=&#8221;{}&#8221; custom_padding__hover=&#8221;|||&#8221;][et_pb_text _builder_version=&#8221;4.17.3&#8243; background_size=&#8221;initial&#8221; background_position=&#8221;top_left&#8221; background_repeat=&#8221;repeat&#8221; custom_margin=&#8221;10px|||&#8221; custom_padding=&#8221;10px|||&#8221; use_border_color=&#8221;off&#8221; border_color=&#8221;#ffffff&#8221; border_style=&#8221;solid&#8221; global_colors_info=&#8221;{}&#8221;]<\/p>\n<h1><strong>FORMULARI DE CONTACTE<\/strong><\/h1>\n<p>[\/et_pb_text][et_pb_contact_form email=&#8221;cultura@ayto-denia.es&#8221; custom_message=&#8221;FORMULARIO DE CONTACTO M\u00daSICA AL CASTELL<\/p>\n<p>||et_pb_line_break_holder||<\/p>\n<p>NOM: %%Nom%%<\/p>\n<p>||et_pb_line_break_holder||<\/p>\n<p>EMAIL: %%Email%%<\/p>\n<p>||et_pb_line_break_holder||<\/p>\n<p>MISSATGE: %%Missatge%% &#8221; success_message=&#8221;Formulari enviat correctament&#8221; _builder_version=&#8221;4.21.0&#8243; _unique_id=&#8221;bbd186e6-b742-418f-9d4a-1e06a5a1405f&#8221; form_field_background_color=&#8221;#01998c&#8221; custom_button=&#8221;on&#8221; button_text_color=&#8221;#01998c&#8221; button_bg_color=&#8221;#e7e3d8&#8243; button_border_color=&#8221;#01998c&#8221; button_font=&#8221;|700|||||||&#8221; custom_margin=&#8221;||0px|&#8221; custom_padding=&#8221;||0px|&#8221; z_index_tablet=&#8221;500&#8243; border_radii=&#8221;on|0px|0px|0px|0px&#8221; use_border_color=&#8221;off&#8221; border_color=&#8221;#ffffff&#8221; border_style=&#8221;solid&#8221; input_border_radius=&#8221;0&#8243; global_colors_info=&#8221;{}&#8221;][et_pb_contact_field field_id=&#8221;Nom&#8221; field_title=&#8221;Nom&#8221; _builder_version=&#8221;4.21.0&#8243; form_field_text_color=&#8221;#f5f0e7&#8243; form_field_font=&#8221;||||&#8221; form_field_font_size=&#8221;16px&#8221; use_border_color=&#8221;off&#8221; border_style=&#8221;solid&#8221; global_colors_info=&#8221;{}&#8221; button_text_size__hover_enabled=&#8221;off&#8221; button_one_text_size__hover_enabled=&#8221;off&#8221; button_two_text_size__hover_enabled=&#8221;off&#8221; button_text_color__hover_enabled=&#8221;off&#8221; button_one_text_color__hover_enabled=&#8221;off&#8221; button_two_text_color__hover_enabled=&#8221;off&#8221; button_border_width__hover_enabled=&#8221;off&#8221; button_one_border_width__hover_enabled=&#8221;off&#8221; button_two_border_width__hover_enabled=&#8221;off&#8221; button_border_color__hover_enabled=&#8221;off&#8221; button_one_border_color__hover_enabled=&#8221;off&#8221; button_two_border_color__hover_enabled=&#8221;off&#8221; button_border_radius__hover_enabled=&#8221;off&#8221; button_one_border_radius__hover_enabled=&#8221;off&#8221; button_two_border_radius__hover_enabled=&#8221;off&#8221; button_letter_spacing__hover_enabled=&#8221;off&#8221; button_one_letter_spacing__hover_enabled=&#8221;off&#8221; button_two_letter_spacing__hover_enabled=&#8221;off&#8221; button_bg_color__hover_enabled=&#8221;off&#8221; button_one_bg_color__hover_enabled=&#8221;off&#8221; button_two_bg_color__hover_enabled=&#8221;off&#8221;][\/et_pb_contact_field][et_pb_contact_field field_id=&#8221;Email&#8221; field_title=&#8221;Adre\u00e7a de correu electr\u00f2nic&#8221; field_type=&#8221;email&#8221; _builder_version=&#8221;4.21.0&#8243; form_field_text_color=&#8221;#FFFFFF&#8221; form_field_font=&#8221;||||&#8221; form_field_font_size=&#8221;16px&#8221; use_border_color=&#8221;off&#8221; border_style=&#8221;solid&#8221; global_colors_info=&#8221;{}&#8221; button_text_size__hover_enabled=&#8221;off&#8221; button_one_text_size__hover_enabled=&#8221;off&#8221; button_two_text_size__hover_enabled=&#8221;off&#8221; button_text_color__hover_enabled=&#8221;off&#8221; button_one_text_color__hover_enabled=&#8221;off&#8221; button_two_text_color__hover_enabled=&#8221;off&#8221; button_border_width__hover_enabled=&#8221;off&#8221; button_one_border_width__hover_enabled=&#8221;off&#8221; button_two_border_width__hover_enabled=&#8221;off&#8221; button_border_color__hover_enabled=&#8221;off&#8221; button_one_border_color__hover_enabled=&#8221;off&#8221; button_two_border_color__hover_enabled=&#8221;off&#8221; button_border_radius__hover_enabled=&#8221;off&#8221; button_one_border_radius__hover_enabled=&#8221;off&#8221; button_two_border_radius__hover_enabled=&#8221;off&#8221; button_letter_spacing__hover_enabled=&#8221;off&#8221; button_one_letter_spacing__hover_enabled=&#8221;off&#8221; button_two_letter_spacing__hover_enabled=&#8221;off&#8221; button_bg_color__hover_enabled=&#8221;off&#8221; button_one_bg_color__hover_enabled=&#8221;off&#8221; button_two_bg_color__hover_enabled=&#8221;off&#8221;][\/et_pb_contact_field][et_pb_contact_field field_id=&#8221;Missatge&#8221; field_title=&#8221;Missatge&#8221; field_type=&#8221;text&#8221; fullwidth_field=&#8221;on&#8221; _builder_version=&#8221;4.21.0&#8243; form_field_text_color=&#8221;#FFFFFF&#8221; form_field_font=&#8221;||||&#8221; form_field_font_size=&#8221;16px&#8221; use_border_color=&#8221;off&#8221; border_style=&#8221;solid&#8221; global_colors_info=&#8221;{}&#8221; button_text_size__hover_enabled=&#8221;off&#8221; button_one_text_size__hover_enabled=&#8221;off&#8221; button_two_text_size__hover_enabled=&#8221;off&#8221; button_text_color__hover_enabled=&#8221;off&#8221; button_one_text_color__hover_enabled=&#8221;off&#8221; button_two_text_color__hover_enabled=&#8221;off&#8221; button_border_width__hover_enabled=&#8221;off&#8221; button_one_border_width__hover_enabled=&#8221;off&#8221; button_two_border_width__hover_enabled=&#8221;off&#8221; button_border_color__hover_enabled=&#8221;off&#8221; button_one_border_color__hover_enabled=&#8221;off&#8221; button_two_border_color__hover_enabled=&#8221;off&#8221; button_border_radius__hover_enabled=&#8221;off&#8221; button_one_border_radius__hover_enabled=&#8221;off&#8221; button_two_border_radius__hover_enabled=&#8221;off&#8221; button_letter_spacing__hover_enabled=&#8221;off&#8221; button_one_letter_spacing__hover_enabled=&#8221;off&#8221; button_two_letter_spacing__hover_enabled=&#8221;off&#8221; button_bg_color__hover_enabled=&#8221;off&#8221; button_one_bg_color__hover_enabled=&#8221;off&#8221; button_two_bg_color__hover_enabled=&#8221;off&#8221;][\/et_pb_contact_field][et_pb_contact_field field_id=&#8221;PROTECCI\u00d3_DE_DADES_PERSONALS&#8221; field_title=&#8221;PROTECCI\u00d3 DE DADES PERSONALS&#8221; field_type=&#8221;radio&#8221; radio_options=&#8221;%91{%22value%22:%22Marcant aquesta casella confirme haver sigut informat sobre el tractament de dades personals.%22,%22checked%22:0}%93&#8243; _builder_version=&#8221;4.17.4&#8243; form_field_font=&#8221;Roboto Condensed||||||||&#8221; form_field_font_size=&#8221;14px&#8221; custom_margin=&#8221;0px||0px|&#8221; custom_margin_tablet=&#8221;0px||0px|&#8221; custom_margin_phone=&#8221;0px||0px|&#8221; custom_padding=&#8221;0px||0px|&#8221; custom_padding_tablet=&#8221;0px||0px|&#8221; custom_padding_phone=&#8221;0px||0px|&#8221; global_colors_info=&#8221;{}&#8221;][\/et_pb_contact_field][\/et_pb_contact_form][et_pb_text _builder_version=&#8221;4.17.4&#8243; custom_margin=&#8221;0px||0px|&#8221; custom_padding=&#8221;0px||0px|&#8221; z_index_tablet=&#8221;500&#8243; global_colors_info=&#8221;{}&#8221;]<\/p>\n<p style=\"text-align: justify;\">Reglament (UE) 2016\/679. Llei org\u00e0nica 3\/2018 de Protecci\u00f3 de Dades Personals i garantia dels drets digitals.<br \/>\nFormulari no utilitzable per persones menors de 14 anys, els qui necessiten consentiment per al tractament de les seues dades personals per part dels seus representants legals.<br \/>\nConsulte <a href=\"http:\/\/www.denia.es\/va\/auxiliar\/proteccio.aspx\" target=\"_blank\" rel=\"noopener noreferrer\"><span style=\"color: #008c5c;\">AC\u00cd<\/span><\/a> la informaci\u00f3 sobre els tractaments de dades personals i l&#8217;exercici de drets.<\/p>\n<p>[\/et_pb_text][\/et_pb_column][et_pb_column type=&#8221;1_3&#8243; _builder_version=&#8221;4.16&#8243; custom_padding=&#8221;10px|||&#8221; global_colors_info=&#8221;{}&#8221; custom_padding__hover=&#8221;|||&#8221;][et_pb_text _builder_version=&#8221;4.27.4&#8243; background_size=&#8221;initial&#8221; background_position=&#8221;top_left&#8221; background_repeat=&#8221;repeat&#8221; custom_margin=&#8221;10px|||&#8221; custom_padding=&#8221;10px|||&#8221; hover_enabled=&#8221;0&#8243; z_index_tablet=&#8221;500&#8243; use_border_color=&#8221;off&#8221; global_colors_info=&#8221;{}&#8221; sticky_enabled=&#8221;0&#8243;]<\/p>\n<h1><strong>M\u00c9S INFO<\/strong><\/h1>\n<h4>33 edici\u00f3 del Festival M\u00fasica amb \u00c0nima Mediterr\u00e0nia. Del <span style=\"color: #01998c\"><strong>23 al 27 de juliol<\/strong><\/span> 2025.<\/h4>\n<p>Dos escenaris en diferents dies.<\/p>\n<h4>Seu: <strong>Castell de D\u00e9nia.\u00a0<\/strong>Horari: <strong>23:00h.<\/strong><\/h4>\n<h4>Seu: <strong>Pla\u00e7a del Consell.\u00a0<\/strong>Horari: <strong>20:30h.<\/strong><\/h4>\n<h4><\/h4>\n<h4>Les visitants del Festival \u201cM\u00fasica al Castell\u201d poden gaudir de les nombroses opcions culturals que D\u00e9nia ofereix a les viatgeres.<\/h4>\n<h4><\/h4>\n<h4><strong>Email:<\/strong> cultura@ayto-denia.es<\/h4>\n<h4><strong>Tel\u00e8fon Cultura:<\/strong> 96 578 36 56<\/h4>\n<h4><strong>Tel\u00e8fon Castell:<\/strong> 96 642 06 56<\/h4>\n<h4><strong>Entrades:<\/strong><span> Nom\u00e9s<\/span> per Internet <a href=\"https:\/\/www.notikumi.com\/search?q=M%C3%BAsica+al+castell&amp;lang=ca\" target=\"_blank\" rel=\"noopener\"><span style=\"color: #000000;\"><strong>notikumi.com<\/strong>\u00a0<\/span><\/a><\/h4>\n<p>[\/et_pb_text][\/et_pb_column][\/et_pb_row][\/et_pb_section]<\/p>\n","protected":false},"excerpt":{"rendered":"<p>FORMULARI DE CONTACTEReglament (UE) 2016\/679. Llei org\u00e0nica 3\/2018 de Protecci\u00f3 de Dades Personals i garantia dels drets digitals. Formulari no utilitzable per persones menors de 14 anys, els qui necessiten consentiment per al tractament de les seues dades personals per part dels seus representants legals. Consulte AC\u00cd la informaci\u00f3 sobre els tractaments de dades personals [&hellip;]<\/p>\n","protected":false},"author":1,"featured_media":0,"parent":0,"menu_order":0,"comment_status":"closed","ping_status":"closed","template":"","meta":{"_et_pb_use_builder":"on","_et_pb_old_content":"","_et_gb_content_width":"","footnotes":"","_links_to":"","_links_to_target":""},"class_list":["post-9029","page","type-page","status-publish","hentry"],"_links":{"self":[{"href":"https:\/\/musicaalcastell.com\/ca\/wp-json\/wp\/v2\/pages\/9029","targetHints":{"allow":["GET"]}}],"collection":[{"href":"https:\/\/musicaalcastell.com\/ca\/wp-json\/wp\/v2\/pages"}],"about":[{"href":"https:\/\/musicaalcastell.com\/ca\/wp-json\/wp\/v2\/types\/page"}],"author":[{"embeddable":true,"href":"https:\/\/musicaalcastell.com\/ca\/wp-json\/wp\/v2\/users\/1"}],"replies":[{"embeddable":true,"href":"https:\/\/musicaalcastell.com\/ca\/wp-json\/wp\/v2\/comments?post=9029"}],"version-history":[{"count":10,"href":"https:\/\/musicaalcastell.com\/ca\/wp-json\/wp\/v2\/pages\/9029\/revisions"}],"predecessor-version":[{"id":10314,"href":"https:\/\/musicaalcastell.com\/ca\/wp-json\/wp\/v2\/pages\/9029\/revisions\/10314"}],"wp:attachment":[{"href":"https:\/\/musicaalcastell.com\/ca\/wp-json\/wp\/v2\/media?parent=9029"}],"curies":[{"name":"wp","href":"https:\/\/api.w.org\/{rel}","templated":true}]}}