{"id":10211,"date":"2025-06-16T07:56:01","date_gmt":"2025-06-16T07:56:01","guid":{"rendered":"https:\/\/musicaalcastell.com\/?page_id=10211"},"modified":"2025-07-15T08:48:45","modified_gmt":"2025-07-15T08:48:45","slug":"entrades","status":"publish","type":"page","link":"https:\/\/musicaalcastell.com\/ca\/entrades\/","title":{"rendered":"Entrades"},"content":{"rendered":"<p>[et_pb_section fb_built=&#8221;1&#8243; _builder_version=&#8221;4.21.0&#8243; _module_preset=&#8221;default&#8221; background_color=&#8221;#e7e3d8&#8243; background_image=&#8221;https:\/\/musicaalcastell.com\/wp-content\/uploads\/2022\/05\/escala-menu2.png&#8221; background_enable_image=&#8221;off&#8221; background_size=&#8221;initial&#8221; background_position=&#8221;top_left&#8221; width_last_edited=&#8221;off|desktop&#8221; max_width_last_edited=&#8221;off|desktop&#8221; custom_margin=&#8221;||||false|false&#8221; custom_padding=&#8221;0px||0px||false|false&#8221; background_last_edited=&#8221;on|phone&#8221; global_module=&#8221;9107&#8243; saved_tabs=&#8221;all&#8221; locked=&#8221;off&#8221; global_colors_info=&#8221;{}&#8221;][et_pb_row column_structure=&#8221;1_3,1_3,1_3&#8243; use_custom_gutter=&#8221;on&#8221; gutter_width=&#8221;1&#8243; disabled_on=&#8221;on|off|off&#8221; _builder_version=&#8221;4.17.3&#8243; _module_preset=&#8221;default&#8221; background_enable_color=&#8221;off&#8221; background_enable_image=&#8221;off&#8221; background_size=&#8221;contain&#8221; width=&#8221;100%&#8221; max_width=&#8221;100%&#8221; custom_margin=&#8221;||0px||false|false&#8221; custom_padding=&#8221;0px||0px||false|false&#8221; global_colors_info=&#8221;{}&#8221;][et_pb_column type=&#8221;1_3&#8243; _builder_version=&#8221;4.17.3&#8243; _module_preset=&#8221;default&#8221; global_colors_info=&#8221;{}&#8221;][et_pb_image src=&#8221;http:\/\/musicaalcastell.com\/wp-content\/uploads\/2025\/06\/musica-castell-2025-va.png&#8221; title_text=&#8221;musica-castell-2025-va&#8221; _builder_version=&#8221;4.27.4&#8243; _module_preset=&#8221;default&#8221; global_colors_info=&#8221;{}&#8221;][\/et_pb_image][\/et_pb_column][et_pb_column type=&#8221;1_3&#8243; _builder_version=&#8221;4.17.3&#8243; _module_preset=&#8221;default&#8221; global_colors_info=&#8221;{}&#8221;][et_pb_image src=&#8221;http:\/\/musicaalcastell.com\/wp-content\/uploads\/2024\/04\/musica-castell-2024-Denia.png&#8221; title_text=&#8221;musica-castell-2024-Denia&#8221; _builder_version=&#8221;4.27.4&#8243; _module_preset=&#8221;default&#8221; global_colors_info=&#8221;{}&#8221;][\/et_pb_image][\/et_pb_column][et_pb_column type=&#8221;1_3&#8243; _builder_version=&#8221;4.17.3&#8243; _module_preset=&#8221;default&#8221; background_color=&#8221;#edc228&#8243; global_colors_info=&#8221;{}&#8221;][et_pb_image src=&#8221;http:\/\/musicaalcastell.com\/wp-content\/uploads\/2025\/06\/musica-al-castell-2024-va.png&#8221; title_text=&#8221;musica-al-castell-2024-va&#8221; _builder_version=&#8221;4.27.4&#8243; _module_preset=&#8221;default&#8221; global_colors_info=&#8221;{}&#8221;][\/et_pb_image][\/et_pb_column][\/et_pb_row][et_pb_row use_custom_gutter=&#8221;on&#8221; gutter_width=&#8221;1&#8243; disabled_on=&#8221;off|on|on&#8221; _builder_version=&#8221;4.17.3&#8243; _module_preset=&#8221;default&#8221; background_enable_color=&#8221;off&#8221; background_enable_image=&#8221;off&#8221; background_size=&#8221;contain&#8221; width=&#8221;100%&#8221; max_width=&#8221;100%&#8221; custom_margin=&#8221;||0px||false|false&#8221; custom_padding=&#8221;0px||0px||false|false&#8221; global_colors_info=&#8221;{}&#8221;][et_pb_column type=&#8221;4_4&#8243; _builder_version=&#8221;4.17.3&#8243; _module_preset=&#8221;default&#8221; global_colors_info=&#8221;{}&#8221;][et_pb_image src=&#8221;http:\/\/musicaalcastell.com\/wp-content\/uploads\/2025\/06\/CABECERA-MOVIL_val.jpg&#8221; title_text=&#8221;CABECERA-MOVIL_val&#8221; align=&#8221;center&#8221; _builder_version=&#8221;4.27.4&#8243; _module_preset=&#8221;default&#8221; background_color=&#8221;#e7e3d8&#8243; custom_margin=&#8221;||0px||false|false&#8221; custom_padding=&#8221;||0px||false|false&#8221; global_colors_info=&#8221;{}&#8221;][\/et_pb_image][\/et_pb_column][\/et_pb_row][\/et_pb_section][et_pb_section fb_built=&#8221;1&#8243; admin_label=&#8221;section&#8221; _builder_version=&#8221;4.17.4&#8243; background_color=&#8221;#e5e2d7&#8243; global_colors_info=&#8221;{}&#8221;][et_pb_row column_structure=&#8221;3_4,1_4&#8243; admin_label=&#8221;row&#8221; _builder_version=&#8221;4.16&#8243; background_size=&#8221;initial&#8221; background_position=&#8221;top_left&#8221; background_repeat=&#8221;repeat&#8221; min_height=&#8221;1294.9px&#8221; custom_padding=&#8221;17px|||||&#8221; global_colors_info=&#8221;{}&#8221;][et_pb_column type=&#8221;3_4&#8243; _builder_version=&#8221;4.16&#8243; custom_padding=&#8221;|||&#8221; global_colors_info=&#8221;{}&#8221; custom_padding__hover=&#8221;|||&#8221;][et_pb_text _builder_version=&#8221;4.27.4&#8243; header_2_line_height=&#8221;1.3em&#8221; header_3_line_height=&#8221;1.2em&#8221; background_size=&#8221;initial&#8221; background_position=&#8221;top_left&#8221; background_repeat=&#8221;repeat&#8221; min_height=&#8221;1272.9px&#8221; custom_margin=&#8221;27px||20px||false|false&#8221; z_index_tablet=&#8221;500&#8243; use_border_color=&#8221;off&#8221; global_colors_info=&#8221;{}&#8221;]<\/p>\n<h2 style=\"text-align: justify;\"><span style=\"color: #008c5c;\"><strong><span style=\"color: #000000;\">ENTRADES DISPONIBLES A PARTIR DEL<br \/><\/span> <span style=\"color: #12968a;\">16 DE JUNY<\/span><\/strong><\/span><\/h2>\n<h3><span style=\"color: #008c5c;\"><span style=\"color: #12968a;\">Tots els concerts amb entrada s\u00f3n en l&#8217;esplanada del Castell<\/span><\/span><\/h3>\n<h3>-Per Internet:<a href=\"https:\/\/www.notikumi.com\/venue\/castell-de-denia\" target=\"_blank\" rel=\"noopener\"> <span style=\"color: #000000;\"><strong>notikumi.com<\/strong>\u00a0<\/span><\/a><\/h3>\n<p><span style=\"color: #000000;\"><\/span><\/p>\n<h2><span style=\"color: #000000;\"><strong>MIQUEL GIL<\/strong><\/span><\/h2>\n<h3><span style=\"color: #12968a;\" strong=\"\"><strong>DIMECRES 23 DE JULIOL<\/strong> 23h<\/span><br \/><em>&#8220;Viatger&#8221; <\/em>Folk valenci\u00e0 amb influ\u00e8ncies mediterr\u00e0nies i contempor\u00e0nies.<em><br \/><\/em><\/h3>\n<h3><strong><span>Entrada lliure amb invitaci\u00f3 <\/span><\/strong><a href=\"https:\/\/www.notikumi.com\/channel\/ajuntament-de-denia\/2025\/7\/23\/musica-al-castell-miquel-gil\" target=\"_blank\" rel=\"noopener\">SOL\u00b7LICITAR INVITACI\u00d3<\/a><\/h3>\n<h3><span style=\"color: #0a333f;\"><\/span><\/h3>\n<p>&nbsp;<\/p>\n<h2><strong><span style=\"color: #000000;\">SEPTETO NABOR\u00cd (ENTRADES ESGOTADES)<\/span><\/strong><\/h2>\n<h3><span style=\"color: #12968a;\" strong=\"\"><strong>DIJOUS 24 DE JULIOL<\/strong> 23h<\/span><br \/><em>\u201cSigue el vacil\u00f3n\u201d. <\/em>M\u00fasica Tradicional Cubana<em><br \/><\/em><\/h3>\n<h3><strong><span>Entrada lliure amb invitaci\u00f3 <\/span><\/strong><a href=\"https:\/\/www.notikumi.com\/channel\/ajuntament-de-denia\/2025\/7\/24\/musica-al-castell-septeto-nabori\" target=\"_blank\" rel=\"noopener\">SOL\u00b7LICITAR INVITACI\u00d3<\/a><\/h3>\n<h3><span style=\"color: #0a333f;\"><\/span><\/h3>\n<p>&nbsp;<\/p>\n<h2><strong><span style=\"color: #000000;\">EL NA\u00c1N BANDA<\/span><\/strong><\/h2>\n<h3><span style=\"color: #12968a;\" strong=\"\"><strong>DIVENDRES 25 DE JULIOL<\/strong> 23h<\/span><br \/><em>&#8220;Germinal&#8221; <\/em>M\u00fasica \u00e8tnica ib\u00e8rica<em><br \/><\/em><\/h3>\n<h3><strong>Entrada 10\u20ac <\/strong><a href=\"https:\/\/www.notikumi.com\/channel\/ajuntament-de-denia\/2025\/7\/25\/musica-al-castell-en-naan-banda\" target=\"_blank\" rel=\"noopener\"><span>COMPRAR ENTRADES<\/span><\/a><\/h3>\n<h3><span style=\"color: #00ff00;\"><\/span><\/h3>\n<p>&nbsp;<\/p>\n<h2><strong><span style=\"color: #000000;\">MARTIRIO<\/span><\/strong><\/h2>\n<h3><span style=\"color: #12968a;\" strong=\"\"><strong>DISSABTE 26 DE JULIOL<\/strong> 23h<\/span><br \/><em>&#8220;Al sur del Tango&#8221; <\/em>Cobla i tango<\/h3>\n<h3><strong>Entrada 15\u20ac\u00a0 <\/strong><a href=\"https:\/\/www.notikumi.com\/channel\/ajuntament-de-denia\/2025\/7\/26\/musica-al-castell-martirio\" target=\"_blank\" rel=\"noopener\"><span>COMPRAR ENTRADES<\/span><\/a><\/h3>\n<h3><span style=\"color: #00ff00;\"><\/span><\/h3>\n<p>[\/et_pb_text][\/et_pb_column][et_pb_column type=&#8221;1_4&#8243; _builder_version=&#8221;4.16&#8243; custom_padding=&#8221;|||&#8221; global_colors_info=&#8221;{}&#8221; custom_padding__hover=&#8221;|||&#8221;][et_pb_image src=&#8221;http:\/\/musicaalcastell.com\/wp-content\/uploads\/2023\/05\/sede_FINESTRA-2023_inicio_val.png&#8221; title_text=&#8221;LA SEU: EL CASTELL&#8221; url=&#8221;@ET-DC@eyJkeW5hbWljIjp0cnVlLCJjb250ZW50IjoicG9zdF9saW5rX3VybF9wYWdlIiwic2V0dGluZ3MiOnsicG9zdF9pZCI6IjE5MTIifX0=@&#8221; url_new_window=&#8221;on&#8221; align_tablet=&#8221;center&#8221; align_phone=&#8221;center&#8221; align_last_edited=&#8221;on|desktop&#8221; _builder_version=&#8221;4.21.0&#8243; _dynamic_attributes=&#8221;url&#8221; min_height=&#8221;303.3px&#8221; custom_margin=&#8221;||||false|false&#8221; custom_padding=&#8221;14px||15px||false|false&#8221; animation_style=&#8221;slide&#8221; animation_direction=&#8221;left&#8221; animation_duration=&#8221;500ms&#8221; animation_intensity_slide=&#8221;10%&#8221; z_index_tablet=&#8221;500&#8243; use_border_color=&#8221;off&#8221; global_colors_info=&#8221;{}&#8221;][\/et_pb_image][et_pb_image src=&#8221;http:\/\/musicaalcastell.com\/wp-content\/uploads\/2023\/05\/notikumi-val.jpg&#8221; title_text=&#8221;VENDA D&#8217;ENTRADES&#8221; url=&#8221;https:\/\/www.notikumi.com\/search?q=musica+al+castell+denia&#038;lang=ca&#8221; url_new_window=&#8221;on&#8221; align_tablet=&#8221;center&#8221; align_phone=&#8221;center&#8221; align_last_edited=&#8221;on|desktop&#8221; _builder_version=&#8221;4.25.0&#8243; custom_padding=&#8221;10px||10px||false|false&#8221; animation_style=&#8221;slide&#8221; animation_direction=&#8221;left&#8221; animation_duration=&#8221;500ms&#8221; animation_intensity_slide=&#8221;10%&#8221; z_index_tablet=&#8221;500&#8243; use_border_color=&#8221;off&#8221; global_colors_info=&#8221;{}&#8221;][\/et_pb_image][et_pb_image src=&#8221;http:\/\/musicaalcastell.com\/wp-content\/uploads\/2025\/06\/PROGRAMA_INICI-1.jpg&#8221; title_text=&#8221;PROGRAMA_INICI&#8221; url=&#8221;@ET-DC@eyJkeW5hbWljIjp0cnVlLCJjb250ZW50IjoicG9zdF9saW5rX3VybF9wYWdlIiwic2V0dGluZ3MiOnsicG9zdF9pZCI6IjEwMTI1In19@&#8221; align_tablet=&#8221;center&#8221; align_phone=&#8221;center&#8221; align_last_edited=&#8221;on|desktop&#8221; _builder_version=&#8221;4.27.4&#8243; _dynamic_attributes=&#8221;url&#8221; custom_margin=&#8221;15px||15px||false|false&#8221; custom_padding=&#8221;10px||15px||false|false&#8221; animation_style=&#8221;slide&#8221; animation_direction=&#8221;left&#8221; animation_duration=&#8221;500ms&#8221; animation_intensity_slide=&#8221;10%&#8221; z_index_tablet=&#8221;500&#8243; use_border_color=&#8221;off&#8221; global_colors_info=&#8221;{}&#8221;][\/et_pb_image][\/et_pb_column][\/et_pb_row][\/et_pb_section]<\/p>\n","protected":false},"excerpt":{"rendered":"<p>ENTRADES DISPONIBLES A PARTIR DEL 16 DE JUNY Tots els concerts amb entrada s\u00f3n en l&#8217;esplanada del Castell -Per Internet: notikumi.com\u00a0 MIQUEL GIL DIMECRES 23 DE JULIOL 23h&#8221;Viatger&#8221; Folk valenci\u00e0 amb influ\u00e8ncies mediterr\u00e0nies i contempor\u00e0nies. Entrada lliure amb invitaci\u00f3 SOL\u00b7LICITAR INVITACI\u00d3 &nbsp; SEPTETO NABOR\u00cd (ENTRADES ESGOTADES) DIJOUS 24 DE JULIOL 23h\u201cSigue el vacil\u00f3n\u201d. M\u00fasica Tradicional [&hellip;]<\/p>\n","protected":false},"author":1,"featured_media":0,"parent":0,"menu_order":0,"comment_status":"closed","ping_status":"closed","template":"","meta":{"_et_pb_use_builder":"on","_et_pb_old_content":"","_et_gb_content_width":"","footnotes":"","_links_to":"","_links_to_target":""},"class_list":["post-10211","page","type-page","status-publish","hentry"],"_links":{"self":[{"href":"https:\/\/musicaalcastell.com\/ca\/wp-json\/wp\/v2\/pages\/10211","targetHints":{"allow":["GET"]}}],"collection":[{"href":"https:\/\/musicaalcastell.com\/ca\/wp-json\/wp\/v2\/pages"}],"about":[{"href":"https:\/\/musicaalcastell.com\/ca\/wp-json\/wp\/v2\/types\/page"}],"author":[{"embeddable":true,"href":"https:\/\/musicaalcastell.com\/ca\/wp-json\/wp\/v2\/users\/1"}],"replies":[{"embeddable":true,"href":"https:\/\/musicaalcastell.com\/ca\/wp-json\/wp\/v2\/comments?post=10211"}],"version-history":[{"count":9,"href":"https:\/\/musicaalcastell.com\/ca\/wp-json\/wp\/v2\/pages\/10211\/revisions"}],"predecessor-version":[{"id":10498,"href":"https:\/\/musicaalcastell.com\/ca\/wp-json\/wp\/v2\/pages\/10211\/revisions\/10498"}],"wp:attachment":[{"href":"https:\/\/musicaalcastell.com\/ca\/wp-json\/wp\/v2\/media?parent=10211"}],"curies":[{"name":"wp","href":"https:\/\/api.w.org\/{rel}","templated":true}]}}